{"id":393,"date":"2019-03-11T10:24:04","date_gmt":"2019-03-11T09:24:04","guid":{"rendered":"http:\/\/www.lacatria.es\/quienes-somos-copy\/"},"modified":"2019-11-05T19:10:40","modified_gmt":"2019-11-05T18:10:40","slug":"carburante","status":"publish","type":"page","link":"https:\/\/www.lacatria.es\/blog\/carburante\/","title":{"rendered":"CARBURANTE"},"content":{"rendered":"\t\t<div data-elementor-type=\"wp-post\" data-elementor-id=\"393\" class=\"elementor elementor-393\" data-elementor-settings=\"[]\">\n\t\t\t\t\t\t<div class=\"elementor-inner\">\n\t\t\t\t\t\t\t<div class=\"elementor-section-wrap\">\n\t\t\t\t\t\t\t<section class=\"elementor-section elementor-top-section elementor-element elementor-element-38ddae6 elementor-section-stretched elementor-section-full_width elementor-section-height-min-height elementor-section-height-default elementor-section-items-middle\" data-id=\"38ddae6\" data-element_type=\"section\" data-settings=\"{&quot;stretch_section&quot;:&quot;section-stretched&quot;,&quot;background_background&quot;:&quot;classic&quot;}\">\n\t\t\t\t\t\t\t<div class=\"elementor-background-overlay\"><\/div>\n\t\t\t\t\t\t\t<div class=\"elementor-container elementor-column-gap-default\">\n\t\t\t\t\t\t\t<div class=\"elementor-row\">\n\t\t\t\t\t<div class=\"elementor-column elementor-col-100 elementor-top-column elementor-element elementor-element-3c06e2e\" data-id=\"3c06e2e\" data-element_type=\"column\">\n\t\t\t<div class=\"elementor-column-wrap elementor-element-populated\">\n\t\t\t\t\t\t\t<div class=\"elementor-widget-wrap\">\n\t\t\t\t\t\t<div class=\"elementor-element elementor-element-dfe897d elementor-widget elementor-widget-heading\" data-id=\"dfe897d\" data-element_type=\"widget\" data-widget_type=\"heading.default\">\n\t\t\t\t<div class=\"elementor-widget-container\">\n\t\t\t<h1 class=\"elementor-heading-title elementor-size-default\">LOS MEJORES<br>CARBURANTES EN SEVILLA<\/h1>\t\t<\/div>\n\t\t\t\t<\/div>\n\t\t\t\t<div class=\"elementor-element elementor-element-121ad60 elementor-widget-divider--view-line elementor-widget elementor-widget-divider\" data-id=\"121ad60\" data-element_type=\"widget\" data-widget_type=\"divider.default\">\n\t\t\t\t<div class=\"elementor-widget-container\">\n\t\t\t\t\t<div class=\"elementor-divider\">\n\t\t\t<span class=\"elementor-divider-separator\">\n\t\t\t\t\t\t<\/span>\n\t\t<\/div>\n\t\t\t\t<\/div>\n\t\t\t\t<\/div>\n\t\t\t\t<div class=\"elementor-element elementor-element-60efa09 light Light elementor-widget elementor-widget-heading\" data-id=\"60efa09\" data-element_type=\"widget\" data-widget_type=\"heading.default\">\n\t\t\t\t<div class=\"elementor-widget-container\">\n\t\t\t<span class=\"elementor-heading-title elementor-size-default\"><span>\u00a1VENTE CON NOSOTROS!<\/span><\/span>\t\t<\/div>\n\t\t\t\t<\/div>\n\t\t\t\t<div class=\"elementor-element elementor-element-4422b81 elementor-widget elementor-widget-button\" data-id=\"4422b81\" data-element_type=\"widget\" data-widget_type=\"button.default\">\n\t\t\t\t<div class=\"elementor-widget-container\">\n\t\t\t\t\t<div class=\"elementor-button-wrapper\">\n\t\t\t<a href=\"http:\/\/www.lacatria.es\/blog\/contacto\/\" class=\"elementor-button-link elementor-button elementor-size-sm\" role=\"button\">\n\t\t\t\t\t\t<span class=\"elementor-button-content-wrapper\">\n\t\t\t\t\t\t<span class=\"elementor-button-text\">CONTACTA<\/span>\n\t\t<\/span>\n\t\t\t\t\t<\/a>\n\t\t<\/div>\n\t\t\t\t<\/div>\n\t\t\t\t<\/div>\n\t\t\t\t\t\t<\/div>\n\t\t\t\t\t<\/div>\n\t\t<\/div>\n\t\t\t\t\t\t\t\t<\/div>\n\t\t\t\t\t<\/div>\n\t\t<\/section>\n\t\t\t\t<section class=\"elementor-section elementor-top-section elementor-element elementor-element-85b5192 elementor-section-boxed elementor-section-height-default elementor-section-height-default\" data-id=\"85b5192\" data-element_type=\"section\">\n\t\t\t\t\t\t<div class=\"elementor-container elementor-column-gap-default\">\n\t\t\t\t\t\t\t<div class=\"elementor-row\">\n\t\t\t\t\t<div class=\"elementor-column elementor-col-100 elementor-top-column elementor-element elementor-element-91d8920\" data-id=\"91d8920\" data-element_type=\"column\">\n\t\t\t<div class=\"elementor-column-wrap elementor-element-populated\">\n\t\t\t\t\t\t\t<div class=\"elementor-widget-wrap\">\n\t\t\t\t\t\t<div class=\"elementor-element elementor-element-67f822e elementor-widget elementor-widget-heading\" data-id=\"67f822e\" data-element_type=\"widget\" id=\"carb-cal\" data-widget_type=\"heading.default\">\n\t\t\t\t<div class=\"elementor-widget-container\">\n\t\t\t<h2 class=\"elementor-heading-title elementor-size-default\">CARBURANTES DE CALIDAD<\/h2>\t\t<\/div>\n\t\t\t\t<\/div>\n\t\t\t\t<div class=\"elementor-element elementor-element-f51f119 separator elementor-widget-divider--view-line elementor-widget elementor-widget-divider\" data-id=\"f51f119\" data-element_type=\"widget\" data-widget_type=\"divider.default\">\n\t\t\t\t<div class=\"elementor-widget-container\">\n\t\t\t\t\t<div class=\"elementor-divider\">\n\t\t\t<span class=\"elementor-divider-separator\">\n\t\t\t\t\t\t<\/span>\n\t\t<\/div>\n\t\t\t\t<\/div>\n\t\t\t\t<\/div>\n\t\t\t\t<div class=\"elementor-element elementor-element-e86ec8f elementor-widget elementor-widget-text-editor\" data-id=\"e86ec8f\" data-element_type=\"widget\" id=\"carb-cal-text\" data-widget_type=\"text-editor.default\">\n\t\t\t\t<div class=\"elementor-widget-container\">\n\t\t\t\t\t<div class=\"elementor-text-editor elementor-clearfix\"><p>Nuestros productos est\u00e1n desarrollados para satisfacer todas las necesidades de los nuevos y modernos motores. Proporcionan un rendimiento mucho mayor de tu veh\u00edculo y un menor consumo. Trabajamos solo con carburantes en Sevilla que proceden de petroleras nacionales autorizadas por el Ministerio de Industria por lo que garantizamos siempre la mejor calidad al mejor precio.<\/p><\/div>\n\t\t\t\t<\/div>\n\t\t\t\t<\/div>\n\t\t\t\t\t\t<\/div>\n\t\t\t\t\t<\/div>\n\t\t<\/div>\n\t\t\t\t\t\t\t\t<\/div>\n\t\t\t\t\t<\/div>\n\t\t<\/section>\n\t\t\t\t<section class=\"elementor-section elementor-top-section elementor-element elementor-element-ac1d4a3 elementor-section-stretched elementor-section-full_width img-carb filaFlex elementor-section-height-default elementor-section-height-default\" data-id=\"ac1d4a3\" data-element_type=\"section\" data-settings=\"{&quot;stretch_section&quot;:&quot;section-stretched&quot;}\">\n\t\t\t\t\t\t<div class=\"elementor-container elementor-column-gap-default\">\n\t\t\t\t\t\t\t<div class=\"elementor-row\">\n\t\t\t\t\t<div class=\"elementor-column elementor-col-50 elementor-top-column elementor-element elementor-element-d7c7ac5\" data-id=\"d7c7ac5\" data-element_type=\"column\" data-settings=\"{&quot;background_background&quot;:&quot;classic&quot;}\">\n\t\t\t<div class=\"elementor-column-wrap elementor-element-populated\">\n\t\t\t\t\t\t\t<div class=\"elementor-widget-wrap\">\n\t\t\t\t\t\t<div class=\"elementor-element elementor-element-e6c245c dentroimg carb-textin elementor-widget elementor-widget-heading\" data-id=\"e6c245c\" data-element_type=\"widget\" data-widget_type=\"heading.default\">\n\t\t\t\t<div class=\"elementor-widget-container\">\n\t\t\t<h2 class=\"elementor-heading-title elementor-size-default\"><p class=\"degradado extra-bold\" style=\"margin:0px;\">&gt;&gt;<\/p><p class=\"degradado extra-bold\">LOS MEJORES<br>CARBURANTES <br>DEL MERCADO<\/p><\/h2>\t\t<\/div>\n\t\t\t\t<\/div>\n\t\t\t\t\t\t<\/div>\n\t\t\t\t\t<\/div>\n\t\t<\/div>\n\t\t\t\t<div class=\"elementor-column elementor-col-50 elementor-top-column elementor-element elementor-element-aab9fc7\" data-id=\"aab9fc7\" data-element_type=\"column\">\n\t\t\t<div class=\"elementor-column-wrap elementor-element-populated\">\n\t\t\t\t\t\t\t<div class=\"elementor-widget-wrap\">\n\t\t\t\t\t\t<div class=\"elementor-element elementor-element-de8dff7 elementor-widget elementor-widget-image\" data-id=\"de8dff7\" data-element_type=\"widget\" data-widget_type=\"image.default\">\n\t\t\t\t<div class=\"elementor-widget-container\">\n\t\t\t\t\t<div class=\"elementor-image\">\n\t\t\t\t\t\t\t\t\t\t<img width=\"1024\" height=\"375\" src=\"https:\/\/www.lacatria.es\/blog\/wp-content\/uploads\/2019\/03\/Web_LaCatria_2019_cambios_slidecarburante-03-1024x375.jpg\" class=\"attachment-large size-large\" alt=\"combustibles en sevilla\" loading=\"lazy\" srcset=\"https:\/\/www.lacatria.es\/blog\/wp-content\/uploads\/2019\/03\/Web_LaCatria_2019_cambios_slidecarburante-03-1024x375.jpg 1024w, https:\/\/www.lacatria.es\/blog\/wp-content\/uploads\/2019\/03\/Web_LaCatria_2019_cambios_slidecarburante-03-300x110.jpg 300w, https:\/\/www.lacatria.es\/blog\/wp-content\/uploads\/2019\/03\/Web_LaCatria_2019_cambios_slidecarburante-03-768x281.jpg 768w\" sizes=\"(max-width: 1024px) 100vw, 1024px\" \/>\t\t\t\t\t\t\t\t\t\t\t<\/div>\n\t\t\t\t<\/div>\n\t\t\t\t<\/div>\n\t\t\t\t\t\t<\/div>\n\t\t\t\t\t<\/div>\n\t\t<\/div>\n\t\t\t\t\t\t\t\t<\/div>\n\t\t\t\t\t<\/div>\n\t\t<\/section>\n\t\t\t\t<section class=\"elementor-section elementor-top-section elementor-element elementor-element-3833a60 elementor-section-stretched elementor-section-full_width img-colum-num elementor-section-height-default elementor-section-height-default\" data-id=\"3833a60\" data-element_type=\"section\" data-settings=\"{&quot;stretch_section&quot;:&quot;section-stretched&quot;}\">\n\t\t\t\t\t\t<div class=\"elementor-container elementor-column-gap-default\">\n\t\t\t\t\t\t\t<div class=\"elementor-row\">\n\t\t\t\t\t<div class=\"elementor-column elementor-col-33 elementor-top-column elementor-element elementor-element-1a6b7a3\" data-id=\"1a6b7a3\" data-element_type=\"column\">\n\t\t\t<div class=\"elementor-column-wrap elementor-element-populated\">\n\t\t\t\t\t\t\t<div class=\"elementor-widget-wrap\">\n\t\t\t\t\t\t<div class=\"elementor-element elementor-element-20f497a elementor-widget elementor-widget-image\" data-id=\"20f497a\" data-element_type=\"widget\" data-widget_type=\"image.default\">\n\t\t\t\t<div class=\"elementor-widget-container\">\n\t\t\t\t\t<div class=\"elementor-image\">\n\t\t\t\t\t\t\t\t\t\t<img width=\"700\" height=\"465\" src=\"https:\/\/www.lacatria.es\/blog\/wp-content\/uploads\/2019\/03\/shutterstock_1007592226.jpg\" class=\"attachment-large size-large\" alt=\"mejores combustibles en sevilla\" loading=\"lazy\" srcset=\"https:\/\/www.lacatria.es\/blog\/wp-content\/uploads\/2019\/03\/shutterstock_1007592226.jpg 700w, https:\/\/www.lacatria.es\/blog\/wp-content\/uploads\/2019\/03\/shutterstock_1007592226-300x199.jpg 300w\" sizes=\"(max-width: 700px) 100vw, 700px\" \/>\t\t\t\t\t\t\t\t\t\t\t<\/div>\n\t\t\t\t<\/div>\n\t\t\t\t<\/div>\n\t\t\t\t\t\t<\/div>\n\t\t\t\t\t<\/div>\n\t\t<\/div>\n\t\t\t\t<div class=\"elementor-column elementor-col-33 elementor-top-column elementor-element elementor-element-5a9671d\" data-id=\"5a9671d\" data-element_type=\"column\">\n\t\t\t<div class=\"elementor-column-wrap elementor-element-populated\">\n\t\t\t\t\t\t\t<div class=\"elementor-widget-wrap\">\n\t\t\t\t\t\t<div class=\"elementor-element elementor-element-5c00d20 elementor-widget elementor-widget-heading\" data-id=\"5c00d20\" data-element_type=\"widget\" data-widget_type=\"heading.default\">\n\t\t\t\t<div class=\"elementor-widget-container\">\n\t\t\t<h2 class=\"elementor-heading-title elementor-size-default\"><p class=\"number\">0.1     <\/p><p class=\"texto-carb\">DI\u00c9SEL A<\/p><\/h2>\t\t<\/div>\n\t\t\t\t<\/div>\n\t\t\t\t<div class=\"elementor-element elementor-element-7c468e3 elementor-widget elementor-widget-text-editor\" data-id=\"7c468e3\" data-element_type=\"widget\" data-widget_type=\"text-editor.default\">\n\t\t\t\t<div class=\"elementor-widget-container\">\n\t\t\t\t\t<div class=\"elementor-text-editor elementor-clearfix\"><p>Es un gas\u00f3leo de calidad, elaborado especialmente para motores di\u00e9sel. Uno de los carburantes en Sevilla que encontrar\u00e1s en nuestra gasolinera.<\/p><\/div>\n\t\t\t\t<\/div>\n\t\t\t\t<\/div>\n\t\t\t\t<div class=\"elementor-element elementor-element-8de44d0 elementor-widget elementor-widget-heading\" data-id=\"8de44d0\" data-element_type=\"widget\" data-widget_type=\"heading.default\">\n\t\t\t\t<div class=\"elementor-widget-container\">\n\t\t\t<h2 class=\"elementor-heading-title elementor-size-default\"><p class=\"number\">0.2     <\/p><p class=\"texto-carb\">GASOLINA 95<\/p><\/h2>\t\t<\/div>\n\t\t\t\t<\/div>\n\t\t\t\t<div class=\"elementor-element elementor-element-7f20765 elementor-widget elementor-widget-text-editor\" data-id=\"7f20765\" data-element_type=\"widget\" data-widget_type=\"text-editor.default\">\n\t\t\t\t<div class=\"elementor-widget-container\">\n\t\t\t\t\t<div class=\"elementor-text-editor elementor-clearfix\"><p>Es una gasolina sin plomo que gracias a sus excelentes componentes consigue mejorar el rendimiento del motor de tu veh\u00edculo.<\/p><\/div>\n\t\t\t\t<\/div>\n\t\t\t\t<\/div>\n\t\t\t\t\t\t<\/div>\n\t\t\t\t\t<\/div>\n\t\t<\/div>\n\t\t\t\t<div class=\"elementor-column elementor-col-33 elementor-top-column elementor-element elementor-element-292dd2e\" data-id=\"292dd2e\" data-element_type=\"column\">\n\t\t\t<div class=\"elementor-column-wrap elementor-element-populated\">\n\t\t\t\t\t\t\t<div class=\"elementor-widget-wrap\">\n\t\t\t\t\t\t<div class=\"elementor-element elementor-element-b2c6cf9 elementor-widget elementor-widget-heading\" data-id=\"b2c6cf9\" data-element_type=\"widget\" data-widget_type=\"heading.default\">\n\t\t\t\t<div class=\"elementor-widget-container\">\n\t\t\t<h2 class=\"elementor-heading-title elementor-size-default\"><p class=\"number\">0.3     <\/p><p class=\"texto-carb\">DI\u00c9SEL EXTRA<\/p><\/h2>\t\t<\/div>\n\t\t\t\t<\/div>\n\t\t\t\t<div class=\"elementor-element elementor-element-7ccfb70 elementor-widget elementor-widget-text-editor\" data-id=\"7ccfb70\" data-element_type=\"widget\" data-widget_type=\"text-editor.default\">\n\t\t\t\t<div class=\"elementor-widget-container\">\n\t\t\t\t\t<div class=\"elementor-text-editor elementor-clearfix\"><p>Nuestro di\u00e9sel extra ofrece una mayor calidad a un precio incomparable. Mejora el rendimiento de tu motor con un menor consumo y una mayor potencia.<\/p><\/div>\n\t\t\t\t<\/div>\n\t\t\t\t<\/div>\n\t\t\t\t<div class=\"elementor-element elementor-element-2638b6b elementor-widget elementor-widget-heading\" data-id=\"2638b6b\" data-element_type=\"widget\" data-widget_type=\"heading.default\">\n\t\t\t\t<div class=\"elementor-widget-container\">\n\t\t\t<h2 class=\"elementor-heading-title elementor-size-default\"><p class=\"number\">0.4     <\/p><p class=\"texto-carb\">ADBLUE<\/p><\/h2>\t\t<\/div>\n\t\t\t\t<\/div>\n\t\t\t\t<div class=\"elementor-element elementor-element-e728828 elementor-widget elementor-widget-text-editor\" data-id=\"e728828\" data-element_type=\"widget\" data-widget_type=\"text-editor.default\">\n\t\t\t\t<div class=\"elementor-widget-container\">\n\t\t\t\t\t<div class=\"elementor-text-editor elementor-clearfix\"><p>Con su uso conseguimos contaminar menos, cuidando el medio ambiente. Reduce ligeramente el consumo de combustible.<\/p><\/div>\n\t\t\t\t<\/div>\n\t\t\t\t<\/div>\n\t\t\t\t\t\t<\/div>\n\t\t\t\t\t<\/div>\n\t\t<\/div>\n\t\t\t\t\t\t\t\t<\/div>\n\t\t\t\t\t<\/div>\n\t\t<\/section>\n\t\t\t\t\t\t<\/div>\n\t\t\t\t\t\t<\/div>\n\t\t\t\t\t<\/div>\n\t\t","protected":false},"excerpt":{"rendered":"<p>LOS MEJORES CARBURANTES EN SEVILLA \u00a1VENTE CON NOSOTROS! CONTACTA CARBURANTES DE CALIDAD Nuestros productos est\u00e1n desarrollados para satisfacer todas las necesidades de los nuevos y modernos motores. Proporcionan un rendimiento mucho mayor de tu veh\u00edculo y un menor consumo. Trabajamos solo con carburantes en Sevilla que proceden de petroleras nacionales autorizadas por el Ministerio de &hellip;<\/p>\n<p class=\"read-more\"> <a class=\"\" href=\"https:\/\/www.lacatria.es\/blog\/carburante\/\"> <span class=\"screen-reader-text\">CARBURANTE<\/span> Leer m\u00e1s &raquo;<\/a><\/p>\n","protected":false},"author":1,"featured_media":0,"parent":0,"menu_order":0,"comment_status":"closed","ping_status":"closed","template":"","meta":[],"_links":{"self":[{"href":"https:\/\/www.lacatria.es\/blog\/wp-json\/wp\/v2\/pages\/393"}],"collection":[{"href":"https:\/\/www.lacatria.es\/blog\/wp-json\/wp\/v2\/pages"}],"about":[{"href":"https:\/\/www.lacatria.es\/blog\/wp-json\/wp\/v2\/types\/page"}],"author":[{"embeddable":true,"href":"https:\/\/www.lacatria.es\/blog\/wp-json\/wp\/v2\/users\/1"}],"replies":[{"embeddable":true,"href":"https:\/\/www.lacatria.es\/blog\/wp-json\/wp\/v2\/comments?post=393"}],"version-history":[{"count":92,"href":"https:\/\/www.lacatria.es\/blog\/wp-json\/wp\/v2\/pages\/393\/revisions"}],"predecessor-version":[{"id":4518,"href":"https:\/\/www.lacatria.es\/blog\/wp-json\/wp\/v2\/pages\/393\/revisions\/4518"}],"wp:attachment":[{"href":"https:\/\/www.lacatria.es\/blog\/wp-json\/wp\/v2\/media?parent=393"}],"curies":[{"name":"wp","href":"https:\/\/api.w.org\/{rel}","templated":true}]}}